{"id":31507,"date":"2024-05-28T12:35:24","date_gmt":"2024-05-28T12:35:24","guid":{"rendered":"https:\/\/megafloors.nl\/product\/gramercy-park-baliksirti-secimi-dogal-5001\/"},"modified":"2024-05-28T12:35:24","modified_gmt":"2024-05-28T12:35:24","slug":"gramercy-park-baliksirti-secimi-dogal-5001","status":"publish","type":"product","link":"https:\/\/megafloors.nl\/tr\/urun\/gramercy-park-baliksirti-secimi-dogal-5001\/","title":{"rendered":"Gramercy Park bal\u0131ks\u0131rt\u0131 se\u00e7imi do\u011fal 5001"},"content":{"rendered":"","protected":false},"excerpt":{"rendered":"[html_block id = \"26317\"]\n","protected":false},"featured_media":0,"comment_status":"closed","ping_status":"closed","template":"","meta":{"_acf_changed":false},"product_brand":[],"product_cat":[769,657,415],"product_tag":[],"class_list":{"0":"post-31507","1":"product","2":"type-product","3":"status-publish","5":"product_cat-baliksirti-parke-2","6":"product_cat-baliksirti-parkebaliksirti-parke","7":"product_cat-parke-zeminler","8":"pa_vloerkoeling-geschikt-evet","10":"first","11":"instock","12":"taxable","13":"shipping-taxable","14":"purchasable","15":"product-type-simple"},"acf":[],"yoast_head":"<!-- This site is optimized with the Yoast SEO plugin v24.7 - https:\/\/yoast.com\/wordpress\/plugins\/seo\/ -->\n<title>Gramercy Park bal\u0131ks\u0131rt\u0131 se\u00e7imi do\u011fal 5001 - Mega Floors<\/title>\n<meta name=\"robots\" content=\"index, follow, max-snippet:-1, max-image-preview:large, max-video-preview:-1\" \/>\n<link rel=\"canonical\" href=\"https:\/\/megafloors.nl\/tr\/urun\/gramercy-park-baliksirti-secimi-dogal-5001\/\" \/>\n<meta property=\"og:locale\" content=\"tr_TR\" \/>\n<meta property=\"og:type\" content=\"article\" \/>\n<meta property=\"og:title\" content=\"Gramercy Park bal\u0131ks\u0131rt\u0131 se\u00e7imi do\u011fal 5001 - Mega Floors\" \/>\n<meta property=\"og:url\" content=\"https:\/\/megafloors.nl\/tr\/urun\/gramercy-park-baliksirti-secimi-dogal-5001\/\" \/>\n<meta property=\"og:site_name\" content=\"Mega Floors\" \/>\n<meta property=\"og:image\" content=\"https:\/\/megafloors.nl\/wp-content\/uploads\/2024\/05\/4881767919.jpg\" \/>\n\t<meta property=\"og:image:width\" content=\"600\" \/>\n\t<meta property=\"og:image:height\" content=\"600\" \/>\n\t<meta property=\"og:image:type\" content=\"image\/jpeg\" \/>\n<meta name=\"twitter:card\" content=\"summary_large_image\" \/>\n<meta name=\"twitter:description\" content=\"[html_block id = &quot;26317&quot;]\" \/>\n<script type=\"application\/ld+json\" class=\"yoast-schema-graph\">{\"@context\":\"https:\/\/schema.org\",\"@graph\":[{\"@type\":\"WebPage\",\"@id\":\"https:\/\/megafloors.nl\/tr\/urun\/gramercy-park-baliksirti-secimi-dogal-5001\/\",\"url\":\"https:\/\/megafloors.nl\/tr\/urun\/gramercy-park-baliksirti-secimi-dogal-5001\/\",\"name\":\"Gramercy Park bal\u0131ks\u0131rt\u0131 se\u00e7imi do\u011fal 5001 - Mega Floors\",\"isPartOf\":{\"@id\":\"https:\/\/megafloors.nl\/tr\/#website\"},\"datePublished\":\"2024-05-28T12:35:24+00:00\",\"breadcrumb\":{\"@id\":\"https:\/\/megafloors.nl\/tr\/urun\/gramercy-park-baliksirti-secimi-dogal-5001\/#breadcrumb\"},\"inLanguage\":\"tr\",\"potentialAction\":[{\"@type\":\"ReadAction\",\"target\":[\"https:\/\/megafloors.nl\/tr\/urun\/gramercy-park-baliksirti-secimi-dogal-5001\/\"]}]},{\"@type\":\"BreadcrumbList\",\"@id\":\"https:\/\/megafloors.nl\/tr\/urun\/gramercy-park-baliksirti-secimi-dogal-5001\/#breadcrumb\",\"itemListElement\":[{\"@type\":\"ListItem\",\"position\":1,\"name\":\"Home\",\"item\":\"https:\/\/megafloors.nl\/tr\/\"},{\"@type\":\"ListItem\",\"position\":2,\"name\":\"Ma\u011faza\",\"item\":\"https:\/\/megafloors.nl\/tr\/magaza\/\"},{\"@type\":\"ListItem\",\"position\":3,\"name\":\"Gramercy Park bal\u0131ks\u0131rt\u0131 se\u00e7imi do\u011fal 5001\"}]},{\"@type\":\"WebSite\",\"@id\":\"https:\/\/megafloors.nl\/tr\/#website\",\"url\":\"https:\/\/megafloors.nl\/tr\/\",\"name\":\"Mega Floors\",\"description\":\"\",\"potentialAction\":[{\"@type\":\"SearchAction\",\"target\":{\"@type\":\"EntryPoint\",\"urlTemplate\":\"https:\/\/megafloors.nl\/tr\/?s={search_term_string}\"},\"query-input\":{\"@type\":\"PropertyValueSpecification\",\"valueRequired\":true,\"valueName\":\"search_term_string\"}}],\"inLanguage\":\"tr\"}]}<\/script>\n<!-- \/ Yoast SEO plugin. -->","yoast_head_json":{"title":"Gramercy Park bal\u0131ks\u0131rt\u0131 se\u00e7imi do\u011fal 5001 - Mega Floors","robots":{"index":"index","follow":"follow","max-snippet":"max-snippet:-1","max-image-preview":"max-image-preview:large","max-video-preview":"max-video-preview:-1"},"canonical":"https:\/\/megafloors.nl\/tr\/urun\/gramercy-park-baliksirti-secimi-dogal-5001\/","og_locale":"tr_TR","og_type":"article","og_title":"Gramercy Park bal\u0131ks\u0131rt\u0131 se\u00e7imi do\u011fal 5001 - Mega Floors","og_url":"https:\/\/megafloors.nl\/tr\/urun\/gramercy-park-baliksirti-secimi-dogal-5001\/","og_site_name":"Mega Floors","og_image":[{"width":600,"height":600,"url":"https:\/\/megafloors.nl\/wp-content\/uploads\/2024\/05\/4881767919.jpg","type":"image\/jpeg"}],"twitter_card":"summary_large_image","twitter_description":"[html_block id = \"26317\"]","schema":{"@context":"https:\/\/schema.org","@graph":[{"@type":"WebPage","@id":"https:\/\/megafloors.nl\/tr\/urun\/gramercy-park-baliksirti-secimi-dogal-5001\/","url":"https:\/\/megafloors.nl\/tr\/urun\/gramercy-park-baliksirti-secimi-dogal-5001\/","name":"Gramercy Park bal\u0131ks\u0131rt\u0131 se\u00e7imi do\u011fal 5001 - Mega Floors","isPartOf":{"@id":"https:\/\/megafloors.nl\/tr\/#website"},"datePublished":"2024-05-28T12:35:24+00:00","breadcrumb":{"@id":"https:\/\/megafloors.nl\/tr\/urun\/gramercy-park-baliksirti-secimi-dogal-5001\/#breadcrumb"},"inLanguage":"tr","potentialAction":[{"@type":"ReadAction","target":["https:\/\/megafloors.nl\/tr\/urun\/gramercy-park-baliksirti-secimi-dogal-5001\/"]}]},{"@type":"BreadcrumbList","@id":"https:\/\/megafloors.nl\/tr\/urun\/gramercy-park-baliksirti-secimi-dogal-5001\/#breadcrumb","itemListElement":[{"@type":"ListItem","position":1,"name":"Home","item":"https:\/\/megafloors.nl\/tr\/"},{"@type":"ListItem","position":2,"name":"Ma\u011faza","item":"https:\/\/megafloors.nl\/tr\/magaza\/"},{"@type":"ListItem","position":3,"name":"Gramercy Park bal\u0131ks\u0131rt\u0131 se\u00e7imi do\u011fal 5001"}]},{"@type":"WebSite","@id":"https:\/\/megafloors.nl\/tr\/#website","url":"https:\/\/megafloors.nl\/tr\/","name":"Mega Floors","description":"","potentialAction":[{"@type":"SearchAction","target":{"@type":"EntryPoint","urlTemplate":"https:\/\/megafloors.nl\/tr\/?s={search_term_string}"},"query-input":{"@type":"PropertyValueSpecification","valueRequired":true,"valueName":"search_term_string"}}],"inLanguage":"tr"}]}},"_links":{"self":[{"href":"https:\/\/megafloors.nl\/tr\/wp-json\/wp\/v2\/product\/31507","targetHints":{"allow":["GET"]}}],"collection":[{"href":"https:\/\/megafloors.nl\/tr\/wp-json\/wp\/v2\/product"}],"about":[{"href":"https:\/\/megafloors.nl\/tr\/wp-json\/wp\/v2\/types\/product"}],"replies":[{"embeddable":true,"href":"https:\/\/megafloors.nl\/tr\/wp-json\/wp\/v2\/comments?post=31507"}],"version-history":[{"count":0,"href":"https:\/\/megafloors.nl\/tr\/wp-json\/wp\/v2\/product\/31507\/revisions"}],"wp:attachment":[{"href":"https:\/\/megafloors.nl\/tr\/wp-json\/wp\/v2\/media?parent=31507"}],"wp:term":[{"taxonomy":"product_brand","embeddable":true,"href":"https:\/\/megafloors.nl\/tr\/wp-json\/wp\/v2\/product_brand?post=31507"},{"taxonomy":"product_cat","embeddable":true,"href":"https:\/\/megafloors.nl\/tr\/wp-json\/wp\/v2\/product_cat?post=31507"},{"taxonomy":"product_tag","embeddable":true,"href":"https:\/\/megafloors.nl\/tr\/wp-json\/wp\/v2\/product_tag?post=31507"}],"curies":[{"name":"wp","href":"https:\/\/api.w.org\/{rel}","templated":true}]}}