{"id":29185,"date":"2024-05-18T21:29:18","date_gmt":"2024-05-18T21:29:18","guid":{"rendered":"https:\/\/megafloors.nl\/fiyat-teklifi-talebiniz-icin-tesekkur-ederiz-sayfa\/"},"modified":"2026-01-21T14:50:34","modified_gmt":"2026-01-21T14:50:34","slug":"fiyat-teklifi-talebiniz-icin-tesekkur-ederiz-sayfa","status":"publish","type":"page","link":"https:\/\/megafloors.nl\/tr\/fiyat-teklifi-talebiniz-icin-tesekkur-ederiz-sayfa\/","title":{"rendered":"Fiyat teklifi talebiniz i\u00e7in te\u015fekk\u00fcr ederiz sayfa"},"content":{"rendered":"\t\t<div data-elementor-type=\"wp-page\" data-elementor-id=\"29185\" class=\"elementor elementor-29185 elementor-25883\" data-elementor-post-type=\"page\">\n\t\t\t\t<div class=\"wd-negative-gap elementor-element elementor-element-5ecc28c e-flex e-con-boxed e-con e-parent\" data-id=\"5ecc28c\" data-element_type=\"container\" data-settings=\"{&quot;background_background&quot;:&quot;classic&quot;}\">\n\t\t\t\t\t<div class=\"e-con-inner\">\n\t\t\t\t<div class=\"elementor-element elementor-element-ef25f0b elementor-widget elementor-widget-woocommerce-breadcrumb\" data-id=\"ef25f0b\" data-element_type=\"widget\" data-widget_type=\"woocommerce-breadcrumb.default\">\n\t\t\t\t<div class=\"elementor-widget-container\">\n\t\t\t\t\t<nav class=\"wd-breadcrumbs woocommerce-breadcrumb\" aria-label=\"Breadcrumb\">\t\t\t\t<span class=\"wd-last\">\n\t\t\t\t\tAna Sayfa\t\t\t\t<\/span>\n\t\t\t<\/nav>\t\t\t\t<\/div>\n\t\t\t\t<\/div>\n\t\t\t\t\t<\/div>\n\t\t\t\t<\/div>\n\t\t<div class=\"wd-negative-gap elementor-element elementor-element-4e8673e e-flex e-con-boxed e-con e-parent\" data-id=\"4e8673e\" data-element_type=\"container\">\n\t\t\t\t\t<div class=\"e-con-inner\">\n\t\t\t\t<div class=\"elementor-element elementor-element-1522a15 color-scheme-inherit text-left elementor-widget elementor-widget-text-editor\" data-id=\"1522a15\" data-element_type=\"widget\" data-widget_type=\"text-editor.default\">\n\t\t\t\t<div class=\"elementor-widget-container\">\n\t\t\t\t\t\t\t\t\t<h2>Te\u015fekk\u00fcr ederiz<\/h2><p>Teklif iste\u011finde bulundu\u011funuz i\u00e7in te\u015fekk\u00fcr ederiz. En k\u0131sa s\u00fcrede sizinle ileti\u015fime ge\u00e7ece\u011fiz.<\/p>\t\t\t\t\t\t\t\t<\/div>\n\t\t\t\t<\/div>\n\t\t\t\t<div class=\"elementor-element elementor-element-a32bca0 elementor-align-center elementor-widget elementor-widget-button\" data-id=\"a32bca0\" data-element_type=\"widget\" data-widget_type=\"button.default\">\n\t\t\t\t<div class=\"elementor-widget-container\">\n\t\t\t\t\t\t\t\t\t<div class=\"elementor-button-wrapper\">\n\t\t\t\t\t<a class=\"elementor-button elementor-button-link elementor-size-sm\" href=\"\/\">\n\t\t\t\t\t\t<span class=\"elementor-button-content-wrapper\">\n\t\t\t\t\t\t\t\t\t<span class=\"elementor-button-text\">Ana sayfaya geri d\u00f6n<\/span>\n\t\t\t\t\t<\/span>\n\t\t\t\t\t<\/a>\n\t\t\t\t<\/div>\n\t\t\t\t\t\t\t\t<\/div>\n\t\t\t\t<\/div>\n\t\t\t\t\t<\/div>\n\t\t\t\t<\/div>\n\t\t\t\t<\/div>\n\t\t","protected":false},"excerpt":{"rendered":"<p>Te\u015fekk\u00fcr ederiz Teklif iste\u011finde bulundu\u011funuz i\u00e7in te\u015fekk\u00fcr ederiz. En k\u0131sa s\u00fcrede sizinle ileti\u015fime ge\u00e7ece\u011fiz. Ana sayfaya geri d\u00f6n<\/p>\n","protected":false},"author":1,"featured_media":0,"parent":0,"menu_order":0,"comment_status":"closed","ping_status":"closed","template":"","meta":{"_acf_changed":false,"footnotes":""},"class_list":["post-29185","page","type-page","status-publish","hentry"],"acf":[],"yoast_head":"<!-- This site is optimized with the Yoast SEO plugin v24.7 - https:\/\/yoast.com\/wordpress\/plugins\/seo\/ -->\n<title>Fiyat teklifi talebiniz i\u00e7in te\u015fekk\u00fcr ederiz sayfa - Mega Floors<\/title>\n<meta name=\"robots\" content=\"index, follow, max-snippet:-1, max-image-preview:large, max-video-preview:-1\" \/>\n<link rel=\"canonical\" href=\"https:\/\/megafloors.nl\/tr\/fiyat-teklifi-talebiniz-icin-tesekkur-ederiz-sayfa\/\" \/>\n<meta property=\"og:locale\" content=\"tr_TR\" \/>\n<meta property=\"og:type\" content=\"article\" \/>\n<meta property=\"og:title\" content=\"Fiyat teklifi talebiniz i\u00e7in te\u015fekk\u00fcr ederiz sayfa - Mega Floors\" \/>\n<meta property=\"og:description\" content=\"Te\u015fekk\u00fcr ederiz Teklif iste\u011finde bulundu\u011funuz i\u00e7in te\u015fekk\u00fcr ederiz. En k\u0131sa s\u00fcrede sizinle ileti\u015fime ge\u00e7ece\u011fiz. Ana sayfaya geri d\u00f6n\" \/>\n<meta property=\"og:url\" content=\"https:\/\/megafloors.nl\/tr\/fiyat-teklifi-talebiniz-icin-tesekkur-ederiz-sayfa\/\" \/>\n<meta property=\"og:site_name\" content=\"Mega Floors\" \/>\n<meta property=\"article:modified_time\" content=\"2026-01-21T14:50:34+00:00\" \/>\n<meta name=\"twitter:card\" content=\"summary_large_image\" \/>\n<script type=\"application\/ld+json\" class=\"yoast-schema-graph\">{\"@context\":\"https:\/\/schema.org\",\"@graph\":[{\"@type\":\"WebPage\",\"@id\":\"https:\/\/megafloors.nl\/tr\/fiyat-teklifi-talebiniz-icin-tesekkur-ederiz-sayfa\/\",\"url\":\"https:\/\/megafloors.nl\/tr\/fiyat-teklifi-talebiniz-icin-tesekkur-ederiz-sayfa\/\",\"name\":\"Fiyat teklifi talebiniz i\u00e7in te\u015fekk\u00fcr ederiz sayfa - Mega Floors\",\"isPartOf\":{\"@id\":\"https:\/\/megafloors.nl\/tr\/#website\"},\"datePublished\":\"2024-05-18T21:29:18+00:00\",\"dateModified\":\"2026-01-21T14:50:34+00:00\",\"breadcrumb\":{\"@id\":\"https:\/\/megafloors.nl\/tr\/fiyat-teklifi-talebiniz-icin-tesekkur-ederiz-sayfa\/#breadcrumb\"},\"inLanguage\":\"tr\",\"potentialAction\":[{\"@type\":\"ReadAction\",\"target\":[\"https:\/\/megafloors.nl\/tr\/fiyat-teklifi-talebiniz-icin-tesekkur-ederiz-sayfa\/\"]}]},{\"@type\":\"BreadcrumbList\",\"@id\":\"https:\/\/megafloors.nl\/tr\/fiyat-teklifi-talebiniz-icin-tesekkur-ederiz-sayfa\/#breadcrumb\",\"itemListElement\":[{\"@type\":\"ListItem\",\"position\":1,\"name\":\"Home\",\"item\":\"https:\/\/megafloors.nl\/tr\/\"},{\"@type\":\"ListItem\",\"position\":2,\"name\":\"Fiyat teklifi talebiniz i\u00e7in te\u015fekk\u00fcr ederiz sayfa\"}]},{\"@type\":\"WebSite\",\"@id\":\"https:\/\/megafloors.nl\/tr\/#website\",\"url\":\"https:\/\/megafloors.nl\/tr\/\",\"name\":\"Mega Floors\",\"description\":\"\",\"potentialAction\":[{\"@type\":\"SearchAction\",\"target\":{\"@type\":\"EntryPoint\",\"urlTemplate\":\"https:\/\/megafloors.nl\/tr\/?s={search_term_string}\"},\"query-input\":{\"@type\":\"PropertyValueSpecification\",\"valueRequired\":true,\"valueName\":\"search_term_string\"}}],\"inLanguage\":\"tr\"}]}<\/script>\n<!-- \/ Yoast SEO plugin. -->","yoast_head_json":{"title":"Fiyat teklifi talebiniz i\u00e7in te\u015fekk\u00fcr ederiz sayfa - Mega Floors","robots":{"index":"index","follow":"follow","max-snippet":"max-snippet:-1","max-image-preview":"max-image-preview:large","max-video-preview":"max-video-preview:-1"},"canonical":"https:\/\/megafloors.nl\/tr\/fiyat-teklifi-talebiniz-icin-tesekkur-ederiz-sayfa\/","og_locale":"tr_TR","og_type":"article","og_title":"Fiyat teklifi talebiniz i\u00e7in te\u015fekk\u00fcr ederiz sayfa - Mega Floors","og_description":"Te\u015fekk\u00fcr ederiz Teklif iste\u011finde bulundu\u011funuz i\u00e7in te\u015fekk\u00fcr ederiz. En k\u0131sa s\u00fcrede sizinle ileti\u015fime ge\u00e7ece\u011fiz. Ana sayfaya geri d\u00f6n","og_url":"https:\/\/megafloors.nl\/tr\/fiyat-teklifi-talebiniz-icin-tesekkur-ederiz-sayfa\/","og_site_name":"Mega Floors","article_modified_time":"2026-01-21T14:50:34+00:00","twitter_card":"summary_large_image","schema":{"@context":"https:\/\/schema.org","@graph":[{"@type":"WebPage","@id":"https:\/\/megafloors.nl\/tr\/fiyat-teklifi-talebiniz-icin-tesekkur-ederiz-sayfa\/","url":"https:\/\/megafloors.nl\/tr\/fiyat-teklifi-talebiniz-icin-tesekkur-ederiz-sayfa\/","name":"Fiyat teklifi talebiniz i\u00e7in te\u015fekk\u00fcr ederiz sayfa - Mega Floors","isPartOf":{"@id":"https:\/\/megafloors.nl\/tr\/#website"},"datePublished":"2024-05-18T21:29:18+00:00","dateModified":"2026-01-21T14:50:34+00:00","breadcrumb":{"@id":"https:\/\/megafloors.nl\/tr\/fiyat-teklifi-talebiniz-icin-tesekkur-ederiz-sayfa\/#breadcrumb"},"inLanguage":"tr","potentialAction":[{"@type":"ReadAction","target":["https:\/\/megafloors.nl\/tr\/fiyat-teklifi-talebiniz-icin-tesekkur-ederiz-sayfa\/"]}]},{"@type":"BreadcrumbList","@id":"https:\/\/megafloors.nl\/tr\/fiyat-teklifi-talebiniz-icin-tesekkur-ederiz-sayfa\/#breadcrumb","itemListElement":[{"@type":"ListItem","position":1,"name":"Home","item":"https:\/\/megafloors.nl\/tr\/"},{"@type":"ListItem","position":2,"name":"Fiyat teklifi talebiniz i\u00e7in te\u015fekk\u00fcr ederiz sayfa"}]},{"@type":"WebSite","@id":"https:\/\/megafloors.nl\/tr\/#website","url":"https:\/\/megafloors.nl\/tr\/","name":"Mega Floors","description":"","potentialAction":[{"@type":"SearchAction","target":{"@type":"EntryPoint","urlTemplate":"https:\/\/megafloors.nl\/tr\/?s={search_term_string}"},"query-input":{"@type":"PropertyValueSpecification","valueRequired":true,"valueName":"search_term_string"}}],"inLanguage":"tr"}]}},"_links":{"self":[{"href":"https:\/\/megafloors.nl\/tr\/wp-json\/wp\/v2\/pages\/29185","targetHints":{"allow":["GET"]}}],"collection":[{"href":"https:\/\/megafloors.nl\/tr\/wp-json\/wp\/v2\/pages"}],"about":[{"href":"https:\/\/megafloors.nl\/tr\/wp-json\/wp\/v2\/types\/page"}],"author":[{"embeddable":true,"href":"https:\/\/megafloors.nl\/tr\/wp-json\/wp\/v2\/users\/1"}],"replies":[{"embeddable":true,"href":"https:\/\/megafloors.nl\/tr\/wp-json\/wp\/v2\/comments?post=29185"}],"version-history":[{"count":7,"href":"https:\/\/megafloors.nl\/tr\/wp-json\/wp\/v2\/pages\/29185\/revisions"}],"predecessor-version":[{"id":32130,"href":"https:\/\/megafloors.nl\/tr\/wp-json\/wp\/v2\/pages\/29185\/revisions\/32130"}],"wp:attachment":[{"href":"https:\/\/megafloors.nl\/tr\/wp-json\/wp\/v2\/media?parent=29185"}],"curies":[{"name":"wp","href":"https:\/\/api.w.org\/{rel}","templated":true}]}}