{"id":28954,"date":"2024-05-18T21:27:13","date_gmt":"2024-05-18T21:27:13","guid":{"rendered":"https:\/\/megafloors.nl\/fiyat-teklifi-isteyin\/"},"modified":"2026-01-21T14:50:33","modified_gmt":"2026-01-21T14:50:33","slug":"fiyat-teklifi-isteyin","status":"publish","type":"page","link":"https:\/\/megafloors.nl\/tr\/fiyat-teklifi-isteyin\/","title":{"rendered":"Fiyat teklifi isteyin"},"content":{"rendered":"\t\t<div data-elementor-type=\"wp-page\" data-elementor-id=\"28954\" class=\"elementor elementor-28954 elementor-25864\" data-elementor-post-type=\"page\">\n\t\t\t\t<div class=\"wd-negative-gap elementor-element elementor-element-e44498c e-flex e-con-boxed e-con e-parent\" data-id=\"e44498c\" data-element_type=\"container\" data-settings=\"{&quot;background_background&quot;:&quot;classic&quot;}\">\n\t\t\t\t\t<div class=\"e-con-inner\">\n\t\t\t\t<div class=\"elementor-element elementor-element-78eba2c color-scheme-inherit text-left elementor-widget elementor-widget-text-editor\" data-id=\"78eba2c\" data-element_type=\"widget\" data-widget_type=\"text-editor.default\">\n\t\t\t\t<div class=\"elementor-widget-container\">\n\t\t\t\t\t\t\t\t\t<p class=\"uk-heading-medium uk-margin-remove-bottom\">BA\u011eLAYICI \u00d6ZELLE\u015eT\u0130R\u0130LM\u0130\u015e TEKL\u0130F YOK<\/p>\t\t\t\t\t\t\t\t<\/div>\n\t\t\t\t<\/div>\n\t\t\t\t\t<\/div>\n\t\t\t\t<\/div>\n\t\t<div class=\"wd-negative-gap elementor-element elementor-element-5ecc28c e-flex e-con-boxed e-con e-parent\" data-id=\"5ecc28c\" data-element_type=\"container\" data-settings=\"{&quot;background_background&quot;:&quot;classic&quot;}\">\n\t\t\t\t\t<div class=\"e-con-inner\">\n\t\t\t\t<div class=\"elementor-element elementor-element-ef25f0b elementor-widget elementor-widget-woocommerce-breadcrumb\" data-id=\"ef25f0b\" data-element_type=\"widget\" data-widget_type=\"woocommerce-breadcrumb.default\">\n\t\t\t\t<div class=\"elementor-widget-container\">\n\t\t\t\t\t<nav class=\"wd-breadcrumbs woocommerce-breadcrumb\" aria-label=\"Breadcrumb\">\t\t\t\t<span class=\"wd-last\">\n\t\t\t\t\tAna Sayfa\t\t\t\t<\/span>\n\t\t\t<\/nav>\t\t\t\t<\/div>\n\t\t\t\t<\/div>\n\t\t\t\t\t<\/div>\n\t\t\t\t<\/div>\n\t\t<div class=\"wd-negative-gap elementor-element elementor-element-f09fcab e-flex e-con-boxed e-con e-parent\" data-id=\"f09fcab\" data-element_type=\"container\">\n\t\t\t\t\t<div class=\"e-con-inner\">\n\t\t<div class=\"elementor-element elementor-element-f863a82 e-con-full e-flex e-con e-child\" data-id=\"f863a82\" data-element_type=\"container\">\n\t\t\t\t<div class=\"elementor-element elementor-element-11656d2 elementor-widget__width-auto wd-width-100 elementor-widget elementor-widget-wd_title\" data-id=\"11656d2\" data-element_type=\"widget\" data-widget_type=\"wd_title.default\">\n\t\t\t\t<div class=\"elementor-widget-container\">\n\t\t\t\t\t\t\t<div class=\"title-wrapper wd-set-mb reset-last-child wd-title-color-alt wd-title-style-default wd-title-size-large text-left\">\n\n\t\t\t\n\t\t\t<div class=\"liner-continer\">\n\t\t\t\t<h2 class=\"woodmart-title-container title wd-fontsize-xxl wd-underline-colored\"><u>\u00dccretsiz<\/u> fiyat teklifi isteyin<\/h2> \n\t\t\t\t\t\t\t<\/div>\n\n\t\t\t\t\t<\/div>\n\t\t\t\t\t\t<\/div>\n\t\t\t\t<\/div>\n\t\t\t\t<div class=\"elementor-element elementor-element-0e754c4 color-scheme-inherit text-left elementor-widget elementor-widget-text-editor\" data-id=\"0e754c4\" data-element_type=\"widget\" data-widget_type=\"text-editor.default\">\n\t\t\t\t<div class=\"elementor-widget-container\">\n\t\t\t\t\t\t\t\t\t<p>Fiyat teklifi istemek her zaman <strong>tamamen<\/strong> herhangi bir y\u00fck\u00fcml\u00fcl\u00fck alt\u0131na girmez<\/p>\t\t\t\t\t\t\t\t<\/div>\n\t\t\t\t<\/div>\n\t\t\t\t<div class=\"elementor-element elementor-element-e31a141 elementor-widget elementor-widget-shortcode\" data-id=\"e31a141\" data-element_type=\"widget\" data-widget_type=\"shortcode.default\">\n\t\t\t\t<div class=\"elementor-widget-container\">\n\t\t\t\t\t\t\t<div class=\"elementor-shortcode\">[yer\u00e7ekimi formu kimli\u011fi = \"3\" ba\u015fl\u0131k = \"yanl\u0131\u015f\"]<\/div>\n\t\t\t\t\t\t<\/div>\n\t\t\t\t<\/div>\n\t\t\t\t<\/div>\n\t\t<div class=\"elementor-element elementor-element-1fa6522 e-con-full e-flex e-con e-child\" data-id=\"1fa6522\" data-element_type=\"container\">\n\t\t\t\t<div class=\"elementor-element elementor-element-7a94609 color-scheme-inherit text-left elementor-widget elementor-widget-text-editor\" data-id=\"7a94609\" data-element_type=\"widget\" data-settings=\"{&quot;sticky&quot;:&quot;top&quot;,&quot;sticky_on&quot;:[&quot;desktop&quot;,&quot;tablet&quot;],&quot;sticky_offset&quot;:40,&quot;sticky_parent&quot;:&quot;yes&quot;,&quot;sticky_effects_offset&quot;:0,&quot;sticky_anchor_link_offset&quot;:0}\" data-widget_type=\"text-editor.default\">\n\t\t\t\t<div class=\"elementor-widget-container\">\n\t\t\t\t\t\t\t\t\t<ul><li>Sabit toplam fiyatlar, \u00f6ng\u00f6r\u00fclemeyen s\u00fcrprizler yok!<\/li><li>\u015eimdi rezervasyon yap\u0131lmas\u0131 ve bir s\u00fcre sonra teslimat yap\u0131lmas\u0131 da m\u00fcmk\u00fcnd\u00fcr.<\/li><\/ul>\t\t\t\t\t\t\t\t<\/div>\n\t\t\t\t<\/div>\n\t\t\t\t<div class=\"elementor-element elementor-element-d3a7525 elementor-align-justify elementor-widget elementor-widget-button\" data-id=\"d3a7525\" data-element_type=\"widget\" data-settings=\"{&quot;sticky&quot;:&quot;top&quot;,&quot;sticky_offset&quot;:180,&quot;sticky_parent&quot;:&quot;yes&quot;,&quot;sticky_on&quot;:[&quot;desktop&quot;,&quot;tablet&quot;],&quot;sticky_effects_offset&quot;:0,&quot;sticky_anchor_link_offset&quot;:0}\" data-widget_type=\"button.default\">\n\t\t\t\t<div class=\"elementor-widget-container\">\n\t\t\t\t\t\t\t\t\t<div class=\"elementor-button-wrapper\">\n\t\t\t\t\t<a class=\"elementor-button elementor-button-link elementor-size-sm\" href=\"tel:+31307200993\">\n\t\t\t\t\t\t<span class=\"elementor-button-content-wrapper\">\n\t\t\t\t\t\t\t\t\t<span class=\"elementor-button-text\">HEMEN ARAYIN<\/span>\n\t\t\t\t\t<\/span>\n\t\t\t\t\t<\/a>\n\t\t\t\t<\/div>\n\t\t\t\t\t\t\t\t<\/div>\n\t\t\t\t<\/div>\n\t\t\t\t<div class=\"elementor-element elementor-element-aa98ab5 elementor-align-justify elementor-widget elementor-widget-button\" data-id=\"aa98ab5\" data-element_type=\"widget\" data-settings=\"{&quot;sticky&quot;:&quot;top&quot;,&quot;sticky_offset&quot;:250,&quot;sticky_parent&quot;:&quot;yes&quot;,&quot;sticky_on&quot;:[&quot;desktop&quot;,&quot;tablet&quot;],&quot;sticky_effects_offset&quot;:0,&quot;sticky_anchor_link_offset&quot;:0}\" data-widget_type=\"button.default\">\n\t\t\t\t<div class=\"elementor-widget-container\">\n\t\t\t\t\t\t\t\t\t<div class=\"elementor-button-wrapper\">\n\t\t\t\t\t<a class=\"elementor-button elementor-button-link elementor-size-sm\" href=\"mailto:info@megafloors.nl\">\n\t\t\t\t\t\t<span class=\"elementor-button-content-wrapper\">\n\t\t\t\t\t\t\t\t\t<span class=\"elementor-button-text\">E-POSTA G\u00d6NDER<\/span>\n\t\t\t\t\t<\/span>\n\t\t\t\t\t<\/a>\n\t\t\t\t<\/div>\n\t\t\t\t\t\t\t\t<\/div>\n\t\t\t\t<\/div>\n\t\t\t\t<div class=\"elementor-element elementor-element-5d76ec1 elementor-widget elementor-widget-image-gallery\" data-id=\"5d76ec1\" data-element_type=\"widget\" data-settings=\"{&quot;sticky&quot;:&quot;top&quot;,&quot;sticky_offset&quot;:320,&quot;sticky_parent&quot;:&quot;yes&quot;,&quot;sticky_on&quot;:[&quot;desktop&quot;,&quot;tablet&quot;],&quot;sticky_effects_offset&quot;:0,&quot;sticky_anchor_link_offset&quot;:0}\" data-widget_type=\"image-gallery.default\">\n\t\t\t\t<div class=\"elementor-widget-container\">\n\t\t\t\t\t\t\t<div class=\"elementor-image-gallery\">\n\t\t\t\n\t\t<style type=\"text\/css\">\n\t\t\t#gallery-1 {\n\t\t\t\tmargin: auto;\n\t\t\t}\n\t\t\t#gallery-1 .gallery-item {\n\t\t\t\tfloat: left;\n\t\t\t\tmargin-top: 10px;\n\t\t\t\ttext-align: center;\n\t\t\t\twidth: 50%;\n\t\t\t}\n\t\t\t#gallery-1 img {\n\t\t\t\tborder: 2px solid #cfcfcf;\n\t\t\t}\n\t\t\t#gallery-1 .gallery-caption {\n\t\t\t\tmargin-left: 0;\n\t\t\t}\n\t\t\t\/* see gallery_shortcode() in wp-includes\/media.php *\/\n\t\t<\/style>\n\t\t<div id='gallery-1' class='gallery galleryid-28954 gallery-columns-2 gallery-size-full'><dl class='gallery-item'>\n\t\t\t<dt class='gallery-icon landscape'>\n\t\t\t\t<a data-elementor-open-lightbox=\"yes\" data-elementor-lightbox-slideshow=\"5d76ec1\" data-elementor-lightbox-title=\"sergi salonu 1\" data-e-action-hash=\"#elementor-action%3Aaction%3Dlightbox%26settings%3DeyJpZCI6Mjg1NzEsInVybCI6Imh0dHBzOlwvXC9tZWdhZmxvb3JzLm5sXC93cC1jb250ZW50XC91cGxvYWRzXC8yMDI0XC8wNVwvc2hvd3Jvb20tMS5qcGciLCJzbGlkZXNob3ciOiI1ZDc2ZWMxIn0%3D\" href='https:\/\/megafloors.nl\/wp-content\/uploads\/2024\/05\/showroom-1.jpg'><img fetchpriority=\"high\" decoding=\"async\" width=\"324\" height=\"324\" src=\"https:\/\/megafloors.nl\/wp-content\/uploads\/2024\/05\/showroom-1.jpg\" class=\"attachment-full size-full\" alt=\"\" srcset=\"https:\/\/megafloors.nl\/wp-content\/uploads\/2024\/05\/showroom-1.jpg 324w, https:\/\/megafloors.nl\/wp-content\/uploads\/2024\/05\/showroom-1-300x300.jpg 300w, https:\/\/megafloors.nl\/wp-content\/uploads\/2024\/05\/showroom-1-150x150.jpg 150w\" sizes=\"(max-width: 324px) 100vw, 324px\" \/><\/a>\n\t\t\t<\/dt><\/dl><dl class='gallery-item'>\n\t\t\t<dt class='gallery-icon landscape'>\n\t\t\t\t<a data-elementor-open-lightbox=\"yes\" data-elementor-lightbox-slideshow=\"5d76ec1\" data-elementor-lightbox-title=\"sergi salonu 4\" data-e-action-hash=\"#elementor-action%3Aaction%3Dlightbox%26settings%3DeyJpZCI6Mjg1NzIsInVybCI6Imh0dHBzOlwvXC9tZWdhZmxvb3JzLm5sXC93cC1jb250ZW50XC91cGxvYWRzXC8yMDI0XC8wNVwvc2hvd3Jvb20tNC5qcGciLCJzbGlkZXNob3ciOiI1ZDc2ZWMxIn0%3D\" href='https:\/\/megafloors.nl\/wp-content\/uploads\/2024\/05\/showroom-4.jpg'><img decoding=\"async\" width=\"324\" height=\"324\" src=\"https:\/\/megafloors.nl\/wp-content\/uploads\/2024\/05\/showroom-4.jpg\" class=\"attachment-full size-full\" alt=\"\" srcset=\"https:\/\/megafloors.nl\/wp-content\/uploads\/2024\/05\/showroom-4.jpg 324w, https:\/\/megafloors.nl\/wp-content\/uploads\/2024\/05\/showroom-4-300x300.jpg 300w, https:\/\/megafloors.nl\/wp-content\/uploads\/2024\/05\/showroom-4-150x150.jpg 150w\" sizes=\"(max-width: 324px) 100vw, 324px\" \/><\/a>\n\t\t\t<\/dt><\/dl><br style=\"clear: both\" \/><dl class='gallery-item'>\n\t\t\t<dt class='gallery-icon landscape'>\n\t\t\t\t<a data-elementor-open-lightbox=\"yes\" data-elementor-lightbox-slideshow=\"5d76ec1\" data-elementor-lightbox-title=\"sergi salonu 3\" data-e-action-hash=\"#elementor-action%3Aaction%3Dlightbox%26settings%3DeyJpZCI6Mjg1NzMsInVybCI6Imh0dHBzOlwvXC9tZWdhZmxvb3JzLm5sXC93cC1jb250ZW50XC91cGxvYWRzXC8yMDI0XC8wNVwvc2hvd3Jvb20tMy5qcGciLCJzbGlkZXNob3ciOiI1ZDc2ZWMxIn0%3D\" href='https:\/\/megafloors.nl\/wp-content\/uploads\/2024\/05\/showroom-3.jpg'><img decoding=\"async\" width=\"324\" height=\"324\" src=\"https:\/\/megafloors.nl\/wp-content\/uploads\/2024\/05\/showroom-3.jpg\" class=\"attachment-full size-full\" alt=\"\" srcset=\"https:\/\/megafloors.nl\/wp-content\/uploads\/2024\/05\/showroom-3.jpg 324w, https:\/\/megafloors.nl\/wp-content\/uploads\/2024\/05\/showroom-3-300x300.jpg 300w, https:\/\/megafloors.nl\/wp-content\/uploads\/2024\/05\/showroom-3-150x150.jpg 150w\" sizes=\"(max-width: 324px) 100vw, 324px\" \/><\/a>\n\t\t\t<\/dt><\/dl><dl class='gallery-item'>\n\t\t\t<dt class='gallery-icon landscape'>\n\t\t\t\t<a data-elementor-open-lightbox=\"yes\" data-elementor-lightbox-slideshow=\"5d76ec1\" data-elementor-lightbox-title=\"sergi salonu 2\" data-e-action-hash=\"#elementor-action%3Aaction%3Dlightbox%26settings%3DeyJpZCI6Mjg1NzQsInVybCI6Imh0dHBzOlwvXC9tZWdhZmxvb3JzLm5sXC93cC1jb250ZW50XC91cGxvYWRzXC8yMDI0XC8wNVwvc2hvd3Jvb20tMi5qcGciLCJzbGlkZXNob3ciOiI1ZDc2ZWMxIn0%3D\" href='https:\/\/megafloors.nl\/wp-content\/uploads\/2024\/05\/showroom-2.jpg'><img loading=\"lazy\" decoding=\"async\" width=\"324\" height=\"324\" src=\"https:\/\/megafloors.nl\/wp-content\/uploads\/2024\/05\/showroom-2.jpg\" class=\"attachment-full size-full\" alt=\"\" srcset=\"https:\/\/megafloors.nl\/wp-content\/uploads\/2024\/05\/showroom-2.jpg 324w, https:\/\/megafloors.nl\/wp-content\/uploads\/2024\/05\/showroom-2-300x300.jpg 300w, https:\/\/megafloors.nl\/wp-content\/uploads\/2024\/05\/showroom-2-150x150.jpg 150w\" sizes=\"(max-width: 324px) 100vw, 324px\" \/><\/a>\n\t\t\t<\/dt><\/dl><br style=\"clear: both\" \/>\n\t\t<\/div>\n\t\t<\/div>\n\t\t\t\t\t\t<\/div>\n\t\t\t\t<\/div>\n\t\t\t\t<\/div>\n\t\t\t\t\t<\/div>\n\t\t\t\t<\/div>\n\t\t\t\t<\/div>\n\t\t","protected":false},"excerpt":{"rendered":"<p>BA\u011eLAYICI \u00d6ZELLE\u015eT\u0130R\u0130LM\u0130\u015e TEKL\u0130F YOK \u00dccretsiz fiyat teklifi isteyin Fiyat teklifi istemek her zaman tamamen herhangi bir y\u00fck\u00fcml\u00fcl\u00fck alt\u0131na girmez [yer\u00e7ekimi<\/p>\n","protected":false},"author":1,"featured_media":0,"parent":0,"menu_order":0,"comment_status":"closed","ping_status":"closed","template":"","meta":{"_acf_changed":false,"footnotes":""},"class_list":["post-28954","page","type-page","status-publish","hentry"],"acf":[],"yoast_head":"<!-- This site is optimized with the Yoast SEO plugin v24.7 - https:\/\/yoast.com\/wordpress\/plugins\/seo\/ -->\n<title>Fiyat teklifi isteyin - Mega Floors<\/title>\n<meta name=\"robots\" content=\"index, follow, max-snippet:-1, max-image-preview:large, max-video-preview:-1\" \/>\n<link rel=\"canonical\" href=\"https:\/\/megafloors.nl\/tr\/fiyat-teklifi-isteyin\/\" \/>\n<meta property=\"og:locale\" content=\"tr_TR\" \/>\n<meta property=\"og:type\" content=\"article\" \/>\n<meta property=\"og:title\" content=\"Fiyat teklifi isteyin - Mega Floors\" \/>\n<meta property=\"og:description\" content=\"BA\u011eLAYICI \u00d6ZELLE\u015eT\u0130R\u0130LM\u0130\u015e TEKL\u0130F YOK \u00dccretsiz fiyat teklifi isteyin Fiyat teklifi istemek her zaman tamamen herhangi bir y\u00fck\u00fcml\u00fcl\u00fck alt\u0131na girmez [yer\u00e7ekimi\" \/>\n<meta property=\"og:url\" content=\"https:\/\/megafloors.nl\/tr\/fiyat-teklifi-isteyin\/\" \/>\n<meta property=\"og:site_name\" content=\"Mega Floors\" \/>\n<meta property=\"article:modified_time\" content=\"2026-01-21T14:50:33+00:00\" \/>\n<meta property=\"og:image\" content=\"https:\/\/megafloors.nl\/wp-content\/uploads\/2024\/05\/showroom-1.jpg\" \/>\n<meta name=\"twitter:card\" content=\"summary_large_image\" \/>\n<script type=\"application\/ld+json\" class=\"yoast-schema-graph\">{\"@context\":\"https:\/\/schema.org\",\"@graph\":[{\"@type\":\"WebPage\",\"@id\":\"https:\/\/megafloors.nl\/tr\/fiyat-teklifi-isteyin\/\",\"url\":\"https:\/\/megafloors.nl\/tr\/fiyat-teklifi-isteyin\/\",\"name\":\"Fiyat teklifi isteyin - Mega Floors\",\"isPartOf\":{\"@id\":\"https:\/\/megafloors.nl\/tr\/#website\"},\"primaryImageOfPage\":{\"@id\":\"https:\/\/megafloors.nl\/tr\/fiyat-teklifi-isteyin\/#primaryimage\"},\"image\":{\"@id\":\"https:\/\/megafloors.nl\/tr\/fiyat-teklifi-isteyin\/#primaryimage\"},\"thumbnailUrl\":\"https:\/\/megafloors.nl\/wp-content\/uploads\/2024\/05\/showroom-1.jpg\",\"datePublished\":\"2024-05-18T21:27:13+00:00\",\"dateModified\":\"2026-01-21T14:50:33+00:00\",\"breadcrumb\":{\"@id\":\"https:\/\/megafloors.nl\/tr\/fiyat-teklifi-isteyin\/#breadcrumb\"},\"inLanguage\":\"tr\",\"potentialAction\":[{\"@type\":\"ReadAction\",\"target\":[\"https:\/\/megafloors.nl\/tr\/fiyat-teklifi-isteyin\/\"]}]},{\"@type\":\"ImageObject\",\"inLanguage\":\"tr\",\"@id\":\"https:\/\/megafloors.nl\/tr\/fiyat-teklifi-isteyin\/#primaryimage\",\"url\":\"https:\/\/megafloors.nl\/wp-content\/uploads\/2024\/05\/showroom-1.jpg\",\"contentUrl\":\"https:\/\/megafloors.nl\/wp-content\/uploads\/2024\/05\/showroom-1.jpg\"},{\"@type\":\"BreadcrumbList\",\"@id\":\"https:\/\/megafloors.nl\/tr\/fiyat-teklifi-isteyin\/#breadcrumb\",\"itemListElement\":[{\"@type\":\"ListItem\",\"position\":1,\"name\":\"Home\",\"item\":\"https:\/\/megafloors.nl\/tr\/\"},{\"@type\":\"ListItem\",\"position\":2,\"name\":\"Fiyat teklifi isteyin\"}]},{\"@type\":\"WebSite\",\"@id\":\"https:\/\/megafloors.nl\/tr\/#website\",\"url\":\"https:\/\/megafloors.nl\/tr\/\",\"name\":\"Mega Floors\",\"description\":\"\",\"potentialAction\":[{\"@type\":\"SearchAction\",\"target\":{\"@type\":\"EntryPoint\",\"urlTemplate\":\"https:\/\/megafloors.nl\/tr\/?s={search_term_string}\"},\"query-input\":{\"@type\":\"PropertyValueSpecification\",\"valueRequired\":true,\"valueName\":\"search_term_string\"}}],\"inLanguage\":\"tr\"}]}<\/script>\n<!-- \/ Yoast SEO plugin. -->","yoast_head_json":{"title":"Fiyat teklifi isteyin - Mega Floors","robots":{"index":"index","follow":"follow","max-snippet":"max-snippet:-1","max-image-preview":"max-image-preview:large","max-video-preview":"max-video-preview:-1"},"canonical":"https:\/\/megafloors.nl\/tr\/fiyat-teklifi-isteyin\/","og_locale":"tr_TR","og_type":"article","og_title":"Fiyat teklifi isteyin - Mega Floors","og_description":"BA\u011eLAYICI \u00d6ZELLE\u015eT\u0130R\u0130LM\u0130\u015e TEKL\u0130F YOK \u00dccretsiz fiyat teklifi isteyin Fiyat teklifi istemek her zaman tamamen herhangi bir y\u00fck\u00fcml\u00fcl\u00fck alt\u0131na girmez [yer\u00e7ekimi","og_url":"https:\/\/megafloors.nl\/tr\/fiyat-teklifi-isteyin\/","og_site_name":"Mega Floors","article_modified_time":"2026-01-21T14:50:33+00:00","og_image":[{"url":"https:\/\/megafloors.nl\/wp-content\/uploads\/2024\/05\/showroom-1.jpg","type":"","width":"","height":""}],"twitter_card":"summary_large_image","schema":{"@context":"https:\/\/schema.org","@graph":[{"@type":"WebPage","@id":"https:\/\/megafloors.nl\/tr\/fiyat-teklifi-isteyin\/","url":"https:\/\/megafloors.nl\/tr\/fiyat-teklifi-isteyin\/","name":"Fiyat teklifi isteyin - Mega Floors","isPartOf":{"@id":"https:\/\/megafloors.nl\/tr\/#website"},"primaryImageOfPage":{"@id":"https:\/\/megafloors.nl\/tr\/fiyat-teklifi-isteyin\/#primaryimage"},"image":{"@id":"https:\/\/megafloors.nl\/tr\/fiyat-teklifi-isteyin\/#primaryimage"},"thumbnailUrl":"https:\/\/megafloors.nl\/wp-content\/uploads\/2024\/05\/showroom-1.jpg","datePublished":"2024-05-18T21:27:13+00:00","dateModified":"2026-01-21T14:50:33+00:00","breadcrumb":{"@id":"https:\/\/megafloors.nl\/tr\/fiyat-teklifi-isteyin\/#breadcrumb"},"inLanguage":"tr","potentialAction":[{"@type":"ReadAction","target":["https:\/\/megafloors.nl\/tr\/fiyat-teklifi-isteyin\/"]}]},{"@type":"ImageObject","inLanguage":"tr","@id":"https:\/\/megafloors.nl\/tr\/fiyat-teklifi-isteyin\/#primaryimage","url":"https:\/\/megafloors.nl\/wp-content\/uploads\/2024\/05\/showroom-1.jpg","contentUrl":"https:\/\/megafloors.nl\/wp-content\/uploads\/2024\/05\/showroom-1.jpg"},{"@type":"BreadcrumbList","@id":"https:\/\/megafloors.nl\/tr\/fiyat-teklifi-isteyin\/#breadcrumb","itemListElement":[{"@type":"ListItem","position":1,"name":"Home","item":"https:\/\/megafloors.nl\/tr\/"},{"@type":"ListItem","position":2,"name":"Fiyat teklifi isteyin"}]},{"@type":"WebSite","@id":"https:\/\/megafloors.nl\/tr\/#website","url":"https:\/\/megafloors.nl\/tr\/","name":"Mega Floors","description":"","potentialAction":[{"@type":"SearchAction","target":{"@type":"EntryPoint","urlTemplate":"https:\/\/megafloors.nl\/tr\/?s={search_term_string}"},"query-input":{"@type":"PropertyValueSpecification","valueRequired":true,"valueName":"search_term_string"}}],"inLanguage":"tr"}]}},"_links":{"self":[{"href":"https:\/\/megafloors.nl\/tr\/wp-json\/wp\/v2\/pages\/28954","targetHints":{"allow":["GET"]}}],"collection":[{"href":"https:\/\/megafloors.nl\/tr\/wp-json\/wp\/v2\/pages"}],"about":[{"href":"https:\/\/megafloors.nl\/tr\/wp-json\/wp\/v2\/types\/page"}],"author":[{"embeddable":true,"href":"https:\/\/megafloors.nl\/tr\/wp-json\/wp\/v2\/users\/1"}],"replies":[{"embeddable":true,"href":"https:\/\/megafloors.nl\/tr\/wp-json\/wp\/v2\/comments?post=28954"}],"version-history":[{"count":160,"href":"https:\/\/megafloors.nl\/tr\/wp-json\/wp\/v2\/pages\/28954\/revisions"}],"predecessor-version":[{"id":32329,"href":"https:\/\/megafloors.nl\/tr\/wp-json\/wp\/v2\/pages\/28954\/revisions\/32329"}],"wp:attachment":[{"href":"https:\/\/megafloors.nl\/tr\/wp-json\/wp\/v2\/media?parent=28954"}],"curies":[{"name":"wp","href":"https:\/\/api.w.org\/{rel}","templated":true}]}}