{"id":28585,"date":"2021-08-26T12:21:44","date_gmt":"2021-08-26T12:21:44","guid":{"rendered":"https:\/\/megafloors.nl\/karsilastirma\/"},"modified":"2025-10-23T14:05:55","modified_gmt":"2025-10-23T14:05:55","slug":"karsilastirma","status":"publish","type":"page","link":"https:\/\/megafloors.nl\/tr\/karsilastirma\/","title":{"rendered":"Kar\u015f\u0131la\u015ft\u0131rma"},"content":{"rendered":"\t\t<p class=\"wd-empty-compare wd-empty-page\">\n\t\t\tCompare list is empty.\t\t<\/p>\n\t\t\t\t\t<div class=\"wd-empty-page-text\">\n\t\t\t\tNo products added in the compare list. You must add some products to compare them.<br> You will find a lot of interesting products on our \"Shop\" page.\t\t\t<\/div>\n\t\t\t\t<p class=\"return-to-shop\">\n\t\t\t<a class=\"button\" href=\"https:\/\/megafloors.nl\/tr\/magaza\/\">\n\t\t\t\tReturn to shop\t\t\t<\/a>\n\t\t<\/p>\n\t\t","protected":false},"excerpt":{"rendered":"","protected":false},"author":1,"featured_media":0,"parent":0,"menu_order":0,"comment_status":"closed","ping_status":"closed","template":"","meta":{"_acf_changed":false,"footnotes":""},"class_list":["post-28585","page","type-page","status-publish","hentry"],"acf":[],"yoast_head":"<!-- This site is optimized with the Yoast SEO plugin v24.7 - https:\/\/yoast.com\/wordpress\/plugins\/seo\/ -->\n<title>Kar\u015f\u0131la\u015ft\u0131rma - Mega Floors<\/title>\n<meta name=\"robots\" content=\"index, follow, max-snippet:-1, max-image-preview:large, max-video-preview:-1\" \/>\n<link rel=\"canonical\" href=\"https:\/\/megafloors.nl\/tr\/karsilastirma\/\" \/>\n<meta property=\"og:locale\" content=\"tr_TR\" \/>\n<meta property=\"og:type\" content=\"article\" \/>\n<meta property=\"og:title\" content=\"Kar\u015f\u0131la\u015ft\u0131rma - Mega Floors\" \/>\n<meta property=\"og:url\" content=\"https:\/\/megafloors.nl\/tr\/karsilastirma\/\" \/>\n<meta property=\"og:site_name\" content=\"Mega Floors\" \/>\n<meta property=\"article:modified_time\" content=\"2025-10-23T14:05:55+00:00\" \/>\n<meta name=\"twitter:card\" content=\"summary_large_image\" \/>\n<script type=\"application\/ld+json\" class=\"yoast-schema-graph\">{\"@context\":\"https:\/\/schema.org\",\"@graph\":[{\"@type\":\"WebPage\",\"@id\":\"https:\/\/megafloors.nl\/tr\/karsilastirma\/\",\"url\":\"https:\/\/megafloors.nl\/tr\/karsilastirma\/\",\"name\":\"Kar\u015f\u0131la\u015ft\u0131rma - Mega Floors\",\"isPartOf\":{\"@id\":\"https:\/\/megafloors.nl\/tr\/#website\"},\"datePublished\":\"2021-08-26T12:21:44+00:00\",\"dateModified\":\"2025-10-23T14:05:55+00:00\",\"breadcrumb\":{\"@id\":\"https:\/\/megafloors.nl\/tr\/karsilastirma\/#breadcrumb\"},\"inLanguage\":\"tr\",\"potentialAction\":[{\"@type\":\"ReadAction\",\"target\":[\"https:\/\/megafloors.nl\/tr\/karsilastirma\/\"]}]},{\"@type\":\"BreadcrumbList\",\"@id\":\"https:\/\/megafloors.nl\/tr\/karsilastirma\/#breadcrumb\",\"itemListElement\":[{\"@type\":\"ListItem\",\"position\":1,\"name\":\"Home\",\"item\":\"https:\/\/megafloors.nl\/tr\/\"},{\"@type\":\"ListItem\",\"position\":2,\"name\":\"Kar\u015f\u0131la\u015ft\u0131rma\"}]},{\"@type\":\"WebSite\",\"@id\":\"https:\/\/megafloors.nl\/tr\/#website\",\"url\":\"https:\/\/megafloors.nl\/tr\/\",\"name\":\"Mega Floors\",\"description\":\"\",\"potentialAction\":[{\"@type\":\"SearchAction\",\"target\":{\"@type\":\"EntryPoint\",\"urlTemplate\":\"https:\/\/megafloors.nl\/tr\/?s={search_term_string}\"},\"query-input\":{\"@type\":\"PropertyValueSpecification\",\"valueRequired\":true,\"valueName\":\"search_term_string\"}}],\"inLanguage\":\"tr\"}]}<\/script>\n<!-- \/ Yoast SEO plugin. -->","yoast_head_json":{"title":"Kar\u015f\u0131la\u015ft\u0131rma - Mega Floors","robots":{"index":"index","follow":"follow","max-snippet":"max-snippet:-1","max-image-preview":"max-image-preview:large","max-video-preview":"max-video-preview:-1"},"canonical":"https:\/\/megafloors.nl\/tr\/karsilastirma\/","og_locale":"tr_TR","og_type":"article","og_title":"Kar\u015f\u0131la\u015ft\u0131rma - Mega Floors","og_url":"https:\/\/megafloors.nl\/tr\/karsilastirma\/","og_site_name":"Mega Floors","article_modified_time":"2025-10-23T14:05:55+00:00","twitter_card":"summary_large_image","schema":{"@context":"https:\/\/schema.org","@graph":[{"@type":"WebPage","@id":"https:\/\/megafloors.nl\/tr\/karsilastirma\/","url":"https:\/\/megafloors.nl\/tr\/karsilastirma\/","name":"Kar\u015f\u0131la\u015ft\u0131rma - Mega Floors","isPartOf":{"@id":"https:\/\/megafloors.nl\/tr\/#website"},"datePublished":"2021-08-26T12:21:44+00:00","dateModified":"2025-10-23T14:05:55+00:00","breadcrumb":{"@id":"https:\/\/megafloors.nl\/tr\/karsilastirma\/#breadcrumb"},"inLanguage":"tr","potentialAction":[{"@type":"ReadAction","target":["https:\/\/megafloors.nl\/tr\/karsilastirma\/"]}]},{"@type":"BreadcrumbList","@id":"https:\/\/megafloors.nl\/tr\/karsilastirma\/#breadcrumb","itemListElement":[{"@type":"ListItem","position":1,"name":"Home","item":"https:\/\/megafloors.nl\/tr\/"},{"@type":"ListItem","position":2,"name":"Kar\u015f\u0131la\u015ft\u0131rma"}]},{"@type":"WebSite","@id":"https:\/\/megafloors.nl\/tr\/#website","url":"https:\/\/megafloors.nl\/tr\/","name":"Mega Floors","description":"","potentialAction":[{"@type":"SearchAction","target":{"@type":"EntryPoint","urlTemplate":"https:\/\/megafloors.nl\/tr\/?s={search_term_string}"},"query-input":{"@type":"PropertyValueSpecification","valueRequired":true,"valueName":"search_term_string"}}],"inLanguage":"tr"}]}},"_links":{"self":[{"href":"https:\/\/megafloors.nl\/tr\/wp-json\/wp\/v2\/pages\/28585","targetHints":{"allow":["GET"]}}],"collection":[{"href":"https:\/\/megafloors.nl\/tr\/wp-json\/wp\/v2\/pages"}],"about":[{"href":"https:\/\/megafloors.nl\/tr\/wp-json\/wp\/v2\/types\/page"}],"author":[{"embeddable":true,"href":"https:\/\/megafloors.nl\/tr\/wp-json\/wp\/v2\/users\/1"}],"replies":[{"embeddable":true,"href":"https:\/\/megafloors.nl\/tr\/wp-json\/wp\/v2\/comments?post=28585"}],"version-history":[{"count":1,"href":"https:\/\/megafloors.nl\/tr\/wp-json\/wp\/v2\/pages\/28585\/revisions"}],"predecessor-version":[{"id":28586,"href":"https:\/\/megafloors.nl\/tr\/wp-json\/wp\/v2\/pages\/28585\/revisions\/28586"}],"wp:attachment":[{"href":"https:\/\/megafloors.nl\/tr\/wp-json\/wp\/v2\/media?parent=28585"}],"curies":[{"name":"wp","href":"https:\/\/api.w.org\/{rel}","templated":true}]}}